{"id":20945,"date":"2023-08-03T15:30:06","date_gmt":"2023-08-03T13:30:06","guid":{"rendered":"https:\/\/www.basicweddingrings.com\/?page_id=20945"},"modified":"2026-01-02T16:33:06","modified_gmt":"2026-01-02T15:33:06","slug":"trouwbeurzen-events-2025-2026","status":"publish","type":"page","link":"https:\/\/www.basicweddingrings.com\/nl\/trouwbeurzen-events-2025-2026\/","title":{"rendered":"Trouwbeurzen &#038; Events 2025-2026"},"content":{"rendered":"\t\t<div data-elementor-type=\"wp-page\" data-elementor-id=\"20945\" class=\"elementor elementor-20945\" data-elementor-post-type=\"page\">\n\t\t\t\t\t\t<section class=\"elementor-section elementor-top-section elementor-element elementor-element-719f613b elementor-section-boxed elementor-section-height-default elementor-section-height-default\" data-id=\"719f613b\" data-element_type=\"section\" data-e-type=\"section\">\n\t\t\t\t\t\t<div class=\"elementor-container elementor-column-gap-default\">\n\t\t\t\t\t<div class=\"elementor-column elementor-col-100 elementor-top-column elementor-element elementor-element-579bea1a\" data-id=\"579bea1a\" data-element_type=\"column\" data-e-type=\"column\">\n\t\t\t<div class=\"elementor-widget-wrap elementor-element-populated\">\n\t\t\t\t\t\t<div class=\"elementor-element elementor-element-9dead46 elementor-widget elementor-widget-text-editor\" data-id=\"9dead46\" data-element_type=\"widget\" data-e-type=\"widget\" data-widget_type=\"text-editor.default\">\n\t\t\t\t<div class=\"elementor-widget-container\">\n\t\t\t\t\t\t\t\t\t<h3 style=\"text-align: center;\">Dit jaar staan wij op verschillende trouwbeurzen en events! Hieronder vind je een overzicht van alle locaties:<\/h3><p>\u00a0<\/p><h3 style=\"text-align: center;\"><a href=\"https:\/\/www.basicweddingrings.com\/wp-content\/uploads\/2023\/04\/WeddingFair-logo-1.png\"><img decoding=\"async\" class=\"wp-image-20557 aligncenter\" src=\"https:\/\/www.basicweddingrings.com\/wp-content\/uploads\/2023\/04\/WeddingFair-logo-1-300x300.png\" alt=\"\" width=\"220\" height=\"220\" srcset=\"https:\/\/www.basicweddingrings.com\/wp-content\/uploads\/2023\/04\/WeddingFair-logo-1-300x300.png 300w, https:\/\/www.basicweddingrings.com\/wp-content\/uploads\/2023\/04\/WeddingFair-logo-1-1024x1024.png 1024w, https:\/\/www.basicweddingrings.com\/wp-content\/uploads\/2023\/04\/WeddingFair-logo-1-150x150.png 150w, https:\/\/www.basicweddingrings.com\/wp-content\/uploads\/2023\/04\/WeddingFair-logo-1-768x768.png 768w, https:\/\/www.basicweddingrings.com\/wp-content\/uploads\/2023\/04\/WeddingFair-logo-1-323x323.png 323w, https:\/\/www.basicweddingrings.com\/wp-content\/uploads\/2023\/04\/WeddingFair-logo-1-440x440.png 440w, https:\/\/www.basicweddingrings.com\/wp-content\/uploads\/2023\/04\/WeddingFair-logo-1-675x675.png 675w, https:\/\/www.basicweddingrings.com\/wp-content\/uploads\/2023\/04\/WeddingFair-logo-1-600x600.png 600w, https:\/\/www.basicweddingrings.com\/wp-content\/uploads\/2023\/04\/WeddingFair-logo-1-100x100.png 100w, https:\/\/www.basicweddingrings.com\/wp-content\/uploads\/2023\/04\/WeddingFair-logo-1-544x544.png 544w, https:\/\/www.basicweddingrings.com\/wp-content\/uploads\/2023\/04\/WeddingFair-logo-1.png 1080w\" sizes=\"(max-width: 220px) 100vw, 220px\" \/><\/a><\/h3><h3>\u00a0<\/h3><h3 style=\"text-align: center;\">Wedding Fair<\/h3><h4 style=\"text-align: center;\">Wedding Fair is al sinds 2004 een begrip in de wereld van trouwbeurzen. Met 12 beurzen door heel Nederland worden bruidsparen telkens opnieuw geadviseerd en ge\u00efnspireerd door verschillende leveranciers die jullie met alle liefde ondersteunen tijdens jullie bruiloft. Daar horen wij met trots bij!<\/h4><h4 style=\"text-align: center;\">Nog geen data bekend<\/h4><h4 style=\"text-align: center;\">Entree: gratis. Ontdek <strong><a href=\"https:\/\/weddingfair.nl\/trouwbedrijf\/basic-wedding-rings\/\">hier<\/a><\/strong> meer over deze beurs.<\/h4><p>\u00a0<\/p><p style=\"text-align: center;\"><a href=\"https:\/\/www.basicweddingrings.com\/wp-content\/uploads\/2023\/04\/Instagram-posts-27.png\"><img decoding=\"async\" class=\"alignnone wp-image-20551\" src=\"https:\/\/www.basicweddingrings.com\/wp-content\/uploads\/2023\/04\/Instagram-posts-27-300x300.png\" alt=\"\" width=\"220\" height=\"220\" srcset=\"https:\/\/www.basicweddingrings.com\/wp-content\/uploads\/2023\/04\/Instagram-posts-27-300x300.png 300w, https:\/\/www.basicweddingrings.com\/wp-content\/uploads\/2023\/04\/Instagram-posts-27-1024x1024.png 1024w, https:\/\/www.basicweddingrings.com\/wp-content\/uploads\/2023\/04\/Instagram-posts-27-150x150.png 150w, https:\/\/www.basicweddingrings.com\/wp-content\/uploads\/2023\/04\/Instagram-posts-27-768x768.png 768w, https:\/\/www.basicweddingrings.com\/wp-content\/uploads\/2023\/04\/Instagram-posts-27-323x323.png 323w, https:\/\/www.basicweddingrings.com\/wp-content\/uploads\/2023\/04\/Instagram-posts-27-440x440.png 440w, https:\/\/www.basicweddingrings.com\/wp-content\/uploads\/2023\/04\/Instagram-posts-27-675x675.png 675w, https:\/\/www.basicweddingrings.com\/wp-content\/uploads\/2023\/04\/Instagram-posts-27-600x600.png 600w, https:\/\/www.basicweddingrings.com\/wp-content\/uploads\/2023\/04\/Instagram-posts-27-100x100.png 100w, https:\/\/www.basicweddingrings.com\/wp-content\/uploads\/2023\/04\/Instagram-posts-27-544x544.png 544w, https:\/\/www.basicweddingrings.com\/wp-content\/uploads\/2023\/04\/Instagram-posts-27.png 1080w\" sizes=\"(max-width: 220px) 100vw, 220px\" \/><\/a><\/p><h3>\u00a0<\/h3><h3 style=\"text-align: center;\">Open Trouwlocatie Route<\/h3><h4 style=\"text-align: center;\">Ervaar \u00e9\u00e9n of meerdere trouwlocaties tijdens de landelijke open trouwlocatie dag. Tijdens deze dagen staan wij door het jaar heen op verschillende events!<\/h4><h4>\u00a0<\/h4><h4 style=\"text-align: center;\"><strong>Zaterdag 31 januari 2026: <\/strong><a href=\"https:\/\/www.fierbussum.nl\/\">Fier Bussum<\/a><\/h4><h4 style=\"text-align: center;\"><strong>Zondag 12 april 2026: <\/strong><a href=\"https:\/\/www.fierbussum.nl\/\">Fier Bussum<\/a><\/h4><h4 style=\"text-align: center;\"><strong>Zondag 28 juni 2026: <\/strong><a href=\"https:\/\/www.fierbussum.nl\/\">Fier Bussum<\/a><\/h4><h4 style=\"text-align: center;\"><strong>\u00a0Zondag 27 september 2026: <\/strong><a href=\"https:\/\/www.fierbussum.nl\/\">Fier Bussum<\/a><\/h4><h4 style=\"text-align: center;\"><strong>Zondag 22 november 2026: <\/strong><a href=\"https:\/\/www.fierbussum.nl\/\">Fier Bussum<\/a><\/h4><h4>\u00a0<\/h4><h4 style=\"text-align: center;\">Entree: gratis. <strong><a href=\"https:\/\/www.toptrouwlocaties.nl\/?gclid=Cj0KCQjwoK2mBhDzARIsADGbjeqOkggGfhGtpqPcKczhSdbbkFAZSEK1WvM1oYGJkwSIIlGdURcdLcAaAu_yEALw_wcB\">Hier<\/a><\/strong> vind je een overzicht van alle deelnemende locaties.<\/h4><p>\u00a0<\/p><p style=\"text-align: center;\"><a href=\"https:\/\/www.basicweddingrings.com\/wp-content\/uploads\/2023\/04\/Trouwbeleving-button.png\"><img decoding=\"async\" class=\"alignnone wp-image-20600\" src=\"https:\/\/www.basicweddingrings.com\/wp-content\/uploads\/2023\/04\/Trouwbeleving-button.png\" alt=\"\" width=\"220\" height=\"220\" srcset=\"https:\/\/www.basicweddingrings.com\/wp-content\/uploads\/2023\/04\/Trouwbeleving-button.png 200w, https:\/\/www.basicweddingrings.com\/wp-content\/uploads\/2023\/04\/Trouwbeleving-button-150x150.png 150w, https:\/\/www.basicweddingrings.com\/wp-content\/uploads\/2023\/04\/Trouwbeleving-button-100x100.png 100w\" sizes=\"(max-width: 220px) 100vw, 220px\" \/><\/a><\/p><h3>\u00a0<\/h3><h3 style=\"text-align: center;\">Trouwbeleving<\/h3><h4 style=\"text-align: center;\">Bij trouwbeleving events draait alles om beleven. Bezoek ons tijdens deze unieke trouwbeurs waar jullie volop inspiratie op kunnen doen voor jullie bruiloft! Ook deze beurs is gratis bezoeken.<\/h4><h4 style=\"text-align: center;\">Nog geen data bekend<\/h4><h4 style=\"text-align: center;\">Ontdek <a href=\"https:\/\/www.trouwbeleving.nl\/\"><strong>hier<\/strong><\/a> meer over dit event.<\/h4><p>\u00a0<\/p><p style=\"text-align: center;\"><img loading=\"lazy\" decoding=\"async\" class=\"alignnone wp-image-20349\" src=\"https:\/\/www.basicweddingrings.com\/wp-content\/uploads\/2018\/04\/Instagram-posts-22-300x300.png\" alt=\"\" width=\"220\" height=\"220\" srcset=\"https:\/\/www.basicweddingrings.com\/wp-content\/uploads\/2018\/04\/Instagram-posts-22-300x300.png 300w, https:\/\/www.basicweddingrings.com\/wp-content\/uploads\/2018\/04\/Instagram-posts-22-1024x1024.png 1024w, https:\/\/www.basicweddingrings.com\/wp-content\/uploads\/2018\/04\/Instagram-posts-22-150x150.png 150w, https:\/\/www.basicweddingrings.com\/wp-content\/uploads\/2018\/04\/Instagram-posts-22-768x768.png 768w, https:\/\/www.basicweddingrings.com\/wp-content\/uploads\/2018\/04\/Instagram-posts-22-323x323.png 323w, https:\/\/www.basicweddingrings.com\/wp-content\/uploads\/2018\/04\/Instagram-posts-22-440x440.png 440w, https:\/\/www.basicweddingrings.com\/wp-content\/uploads\/2018\/04\/Instagram-posts-22-675x675.png 675w, https:\/\/www.basicweddingrings.com\/wp-content\/uploads\/2018\/04\/Instagram-posts-22-600x600.png 600w, https:\/\/www.basicweddingrings.com\/wp-content\/uploads\/2018\/04\/Instagram-posts-22-100x100.png 100w, https:\/\/www.basicweddingrings.com\/wp-content\/uploads\/2018\/04\/Instagram-posts-22-544x544.png 544w, https:\/\/www.basicweddingrings.com\/wp-content\/uploads\/2018\/04\/Instagram-posts-22.png 1080w\" sizes=\"(max-width: 220px) 100vw, 220px\" \/><\/p><h3>\u00a0<\/h3><h3 style=\"text-align: center;\">One Fine Wedding Day<\/h3><h4 style=\"text-align: center;\">Dit jaar staan wij op de grootste trouwbeurs van Nederland: One Fine Wedding Day! Maak kennis met d\u00e9 leukste trouwleveranciers voor jullie bruiloft op \u00e9\u00e9n van de mooiste locaties van Nederland: de Werkspoorkathedraal in Utrecht. Wij staan er het hele weekend met de mooiste trouwringen om jullie te adviseren en inspireren!<\/h4><h4>\u00a0<\/h4><h4 class=\"pquote\" style=\"text-align: center;\"><strong>28 februari \u2013 01 maart 2026:<\/strong> Werkspoorkathedraal \u2013 Utrecht<\/h4><h4 class=\"pquote\" style=\"text-align: center;\"><strong>17-18 oktober 2026:<\/strong> Werkspoorkathedraal \u2013 Utrecht<\/h4><h4>\u00a0<\/h4><h4 style=\"text-align: center;\">Ontdek\u00a0<strong><a href=\"https:\/\/www.onefineweddingday.nl\/\">hier<\/a> <\/strong>meer en koop nu je Early Love Bird Tickets voor dit onvergetelijke event!<\/h4>\t\t\t\t\t\t\t\t<\/div>\n\t\t\t\t<\/div>\n\t\t\t\t\t<\/div>\n\t\t<\/div>\n\t\t\t\t\t<\/div>\n\t\t<\/section>\n\t\t\t\t<\/div>\n\t\t","protected":false},"excerpt":{"rendered":"<p>Dit jaar staan wij op verschillende trouwbeurzen en events! Hieronder vind je een overzicht van alle locaties: \u00a0 \u00a0 Wedding Fair Wedding Fair is al sinds 2004 een begrip in de wereld van trouwbeurzen. Met 12 beurzen door heel Nederland worden bruidsparen telkens opnieuw geadviseerd en ge\u00efnspireerd door verschillende leveranciers die jullie met alle liefde [&hellip;]<\/p>\n","protected":false},"author":2,"featured_media":0,"parent":0,"menu_order":0,"comment_status":"closed","ping_status":"closed","template":"","meta":{"_monsterinsights_skip_tracking":false,"_monsterinsights_sitenote_active":false,"_monsterinsights_sitenote_note":"","_monsterinsights_sitenote_category":0,"footnotes":""},"class_list":["post-20945","page","type-page","status-publish","hentry"],"yoast_head":"<!-- This site is optimized with the Yoast SEO plugin v27.5 - https:\/\/yoast.com\/product\/yoast-seo-wordpress\/ -->\n<title>Trouwbeurzen &amp; Events 2025-2026 - Basic Wedding Rings<\/title>\n<meta name=\"description\" content=\"Wij staan dit jaar op meerdere trouwbeurzen en events. Ontdek hier een overzicht van alle locaties! Laat je adviseren en inspireren.\" \/>\n<meta name=\"robots\" content=\"index, follow, max-snippet:-1, max-image-preview:large, max-video-preview:-1\" \/>\n<link rel=\"canonical\" href=\"https:\/\/www.basicweddingrings.com\/nl\/trouwbeurzen-events-2025-2026\/\" \/>\n<meta property=\"og:locale\" content=\"nl_NL\" \/>\n<meta property=\"og:type\" content=\"article\" \/>\n<meta property=\"og:title\" content=\"Trouwbeurzen &amp; Events 2025-2026 - Basic Wedding Rings\" \/>\n<meta property=\"og:description\" content=\"Wij staan dit jaar op meerdere trouwbeurzen en events. Ontdek hier een overzicht van alle locaties! Laat je adviseren en inspireren.\" \/>\n<meta property=\"og:url\" content=\"https:\/\/www.basicweddingrings.com\/nl\/trouwbeurzen-events-2025-2026\/\" \/>\n<meta property=\"og:site_name\" content=\"Basic Wedding Rings\" \/>\n<meta property=\"article:modified_time\" content=\"2026-01-02T15:33:06+00:00\" \/>\n<meta property=\"og:image\" content=\"https:\/\/www.basicweddingrings.com\/wp-content\/uploads\/2023\/04\/WeddingFair-logo-1.png\" \/>\n\t<meta property=\"og:image:width\" content=\"1080\" \/>\n\t<meta property=\"og:image:height\" content=\"1080\" \/>\n\t<meta property=\"og:image:type\" content=\"image\/png\" \/>\n<meta name=\"twitter:card\" content=\"summary_large_image\" \/>\n<meta name=\"twitter:label1\" content=\"Est. reading time\" \/>\n\t<meta name=\"twitter:data1\" content=\"3 minutes\" \/>\n<script type=\"application\/ld+json\" class=\"yoast-schema-graph\">{\"@context\":\"https:\\\/\\\/schema.org\",\"@graph\":[{\"@type\":\"WebPage\",\"@id\":\"https:\\\/\\\/www.basicweddingrings.com\\\/nl\\\/trouwbeurzen-events-2025-2026\\\/\",\"url\":\"https:\\\/\\\/www.basicweddingrings.com\\\/nl\\\/trouwbeurzen-events-2025-2026\\\/\",\"name\":\"Trouwbeurzen & Events 2025-2026 - Basic Wedding Rings\",\"isPartOf\":{\"@id\":\"https:\\\/\\\/www.basicweddingrings.com\\\/#website\"},\"primaryImageOfPage\":{\"@id\":\"https:\\\/\\\/www.basicweddingrings.com\\\/nl\\\/trouwbeurzen-events-2025-2026\\\/#primaryimage\"},\"image\":{\"@id\":\"https:\\\/\\\/www.basicweddingrings.com\\\/nl\\\/trouwbeurzen-events-2025-2026\\\/#primaryimage\"},\"thumbnailUrl\":\"https:\\\/\\\/www.basicweddingrings.com\\\/wp-content\\\/uploads\\\/2023\\\/04\\\/WeddingFair-logo-1-300x300.png\",\"datePublished\":\"2023-08-03T13:30:06+00:00\",\"dateModified\":\"2026-01-02T15:33:06+00:00\",\"description\":\"Wij staan dit jaar op meerdere trouwbeurzen en events. Ontdek hier een overzicht van alle locaties! Laat je adviseren en inspireren.\",\"breadcrumb\":{\"@id\":\"https:\\\/\\\/www.basicweddingrings.com\\\/nl\\\/trouwbeurzen-events-2025-2026\\\/#breadcrumb\"},\"inLanguage\":\"nl-NL\",\"potentialAction\":[{\"@type\":\"ReadAction\",\"target\":[\"https:\\\/\\\/www.basicweddingrings.com\\\/nl\\\/trouwbeurzen-events-2025-2026\\\/\"]}]},{\"@type\":\"ImageObject\",\"inLanguage\":\"nl-NL\",\"@id\":\"https:\\\/\\\/www.basicweddingrings.com\\\/nl\\\/trouwbeurzen-events-2025-2026\\\/#primaryimage\",\"url\":\"https:\\\/\\\/www.basicweddingrings.com\\\/wp-content\\\/uploads\\\/2023\\\/04\\\/WeddingFair-logo-1-300x300.png\",\"contentUrl\":\"https:\\\/\\\/www.basicweddingrings.com\\\/wp-content\\\/uploads\\\/2023\\\/04\\\/WeddingFair-logo-1-300x300.png\"},{\"@type\":\"BreadcrumbList\",\"@id\":\"https:\\\/\\\/www.basicweddingrings.com\\\/nl\\\/trouwbeurzen-events-2025-2026\\\/#breadcrumb\",\"itemListElement\":[{\"@type\":\"ListItem\",\"position\":1,\"name\":\"Home\",\"item\":\"https:\\\/\\\/www.basicweddingrings.com\\\/nl\\\/\"},{\"@type\":\"ListItem\",\"position\":2,\"name\":\"Trouwbeurzen &#038; Events 2025-2026\"}]},{\"@type\":\"WebSite\",\"@id\":\"https:\\\/\\\/www.basicweddingrings.com\\\/#website\",\"url\":\"https:\\\/\\\/www.basicweddingrings.com\\\/\",\"name\":\"Basic Wedding Rings\",\"description\":\"\",\"publisher\":{\"@id\":\"https:\\\/\\\/www.basicweddingrings.com\\\/#organization\"},\"potentialAction\":[{\"@type\":\"SearchAction\",\"target\":{\"@type\":\"EntryPoint\",\"urlTemplate\":\"https:\\\/\\\/www.basicweddingrings.com\\\/?s={search_term_string}\"},\"query-input\":{\"@type\":\"PropertyValueSpecification\",\"valueRequired\":true,\"valueName\":\"search_term_string\"}}],\"inLanguage\":\"nl-NL\"},{\"@type\":\"Organization\",\"@id\":\"https:\\\/\\\/www.basicweddingrings.com\\\/#organization\",\"name\":\"Basic Wedding Rings\",\"url\":\"https:\\\/\\\/www.basicweddingrings.com\\\/\",\"logo\":{\"@type\":\"ImageObject\",\"inLanguage\":\"nl-NL\",\"@id\":\"https:\\\/\\\/www.basicweddingrings.com\\\/#\\\/schema\\\/logo\\\/image\\\/\",\"url\":\"https:\\\/\\\/www.basicweddingrings.com\\\/wp-content\\\/uploads\\\/2019\\\/10\\\/cropped-BWR-Logo-e1572811026588-2.png\",\"contentUrl\":\"https:\\\/\\\/www.basicweddingrings.com\\\/wp-content\\\/uploads\\\/2019\\\/10\\\/cropped-BWR-Logo-e1572811026588-2.png\",\"width\":1229,\"height\":749,\"caption\":\"Basic Wedding Rings\"},\"image\":{\"@id\":\"https:\\\/\\\/www.basicweddingrings.com\\\/#\\\/schema\\\/logo\\\/image\\\/\"}}]}<\/script>\n<!-- \/ Yoast SEO plugin. -->","yoast_head_json":{"title":"Trouwbeurzen & Events 2025-2026 - Basic Wedding Rings","description":"Wij staan dit jaar op meerdere trouwbeurzen en events. Ontdek hier een overzicht van alle locaties! Laat je adviseren en inspireren.","robots":{"index":"index","follow":"follow","max-snippet":"max-snippet:-1","max-image-preview":"max-image-preview:large","max-video-preview":"max-video-preview:-1"},"canonical":"https:\/\/www.basicweddingrings.com\/nl\/trouwbeurzen-events-2025-2026\/","og_locale":"nl_NL","og_type":"article","og_title":"Trouwbeurzen & Events 2025-2026 - Basic Wedding Rings","og_description":"Wij staan dit jaar op meerdere trouwbeurzen en events. Ontdek hier een overzicht van alle locaties! Laat je adviseren en inspireren.","og_url":"https:\/\/www.basicweddingrings.com\/nl\/trouwbeurzen-events-2025-2026\/","og_site_name":"Basic Wedding Rings","article_modified_time":"2026-01-02T15:33:06+00:00","og_image":[{"width":1080,"height":1080,"url":"https:\/\/www.basicweddingrings.com\/wp-content\/uploads\/2023\/04\/WeddingFair-logo-1.png","type":"image\/png"}],"twitter_card":"summary_large_image","twitter_misc":{"Est. reading time":"3 minutes"},"schema":{"@context":"https:\/\/schema.org","@graph":[{"@type":"WebPage","@id":"https:\/\/www.basicweddingrings.com\/nl\/trouwbeurzen-events-2025-2026\/","url":"https:\/\/www.basicweddingrings.com\/nl\/trouwbeurzen-events-2025-2026\/","name":"Trouwbeurzen & Events 2025-2026 - Basic Wedding Rings","isPartOf":{"@id":"https:\/\/www.basicweddingrings.com\/#website"},"primaryImageOfPage":{"@id":"https:\/\/www.basicweddingrings.com\/nl\/trouwbeurzen-events-2025-2026\/#primaryimage"},"image":{"@id":"https:\/\/www.basicweddingrings.com\/nl\/trouwbeurzen-events-2025-2026\/#primaryimage"},"thumbnailUrl":"https:\/\/www.basicweddingrings.com\/wp-content\/uploads\/2023\/04\/WeddingFair-logo-1-300x300.png","datePublished":"2023-08-03T13:30:06+00:00","dateModified":"2026-01-02T15:33:06+00:00","description":"Wij staan dit jaar op meerdere trouwbeurzen en events. Ontdek hier een overzicht van alle locaties! Laat je adviseren en inspireren.","breadcrumb":{"@id":"https:\/\/www.basicweddingrings.com\/nl\/trouwbeurzen-events-2025-2026\/#breadcrumb"},"inLanguage":"nl-NL","potentialAction":[{"@type":"ReadAction","target":["https:\/\/www.basicweddingrings.com\/nl\/trouwbeurzen-events-2025-2026\/"]}]},{"@type":"ImageObject","inLanguage":"nl-NL","@id":"https:\/\/www.basicweddingrings.com\/nl\/trouwbeurzen-events-2025-2026\/#primaryimage","url":"https:\/\/www.basicweddingrings.com\/wp-content\/uploads\/2023\/04\/WeddingFair-logo-1-300x300.png","contentUrl":"https:\/\/www.basicweddingrings.com\/wp-content\/uploads\/2023\/04\/WeddingFair-logo-1-300x300.png"},{"@type":"BreadcrumbList","@id":"https:\/\/www.basicweddingrings.com\/nl\/trouwbeurzen-events-2025-2026\/#breadcrumb","itemListElement":[{"@type":"ListItem","position":1,"name":"Home","item":"https:\/\/www.basicweddingrings.com\/nl\/"},{"@type":"ListItem","position":2,"name":"Trouwbeurzen &#038; Events 2025-2026"}]},{"@type":"WebSite","@id":"https:\/\/www.basicweddingrings.com\/#website","url":"https:\/\/www.basicweddingrings.com\/","name":"Basic Wedding Rings","description":"","publisher":{"@id":"https:\/\/www.basicweddingrings.com\/#organization"},"potentialAction":[{"@type":"SearchAction","target":{"@type":"EntryPoint","urlTemplate":"https:\/\/www.basicweddingrings.com\/?s={search_term_string}"},"query-input":{"@type":"PropertyValueSpecification","valueRequired":true,"valueName":"search_term_string"}}],"inLanguage":"nl-NL"},{"@type":"Organization","@id":"https:\/\/www.basicweddingrings.com\/#organization","name":"Basic Wedding Rings","url":"https:\/\/www.basicweddingrings.com\/","logo":{"@type":"ImageObject","inLanguage":"nl-NL","@id":"https:\/\/www.basicweddingrings.com\/#\/schema\/logo\/image\/","url":"https:\/\/www.basicweddingrings.com\/wp-content\/uploads\/2019\/10\/cropped-BWR-Logo-e1572811026588-2.png","contentUrl":"https:\/\/www.basicweddingrings.com\/wp-content\/uploads\/2019\/10\/cropped-BWR-Logo-e1572811026588-2.png","width":1229,"height":749,"caption":"Basic Wedding Rings"},"image":{"@id":"https:\/\/www.basicweddingrings.com\/#\/schema\/logo\/image\/"}}]}},"jetpack_sharing_enabled":true,"_links":{"self":[{"href":"https:\/\/www.basicweddingrings.com\/nl\/wp-json\/wp\/v2\/pages\/20945","targetHints":{"allow":["GET"]}}],"collection":[{"href":"https:\/\/www.basicweddingrings.com\/nl\/wp-json\/wp\/v2\/pages"}],"about":[{"href":"https:\/\/www.basicweddingrings.com\/nl\/wp-json\/wp\/v2\/types\/page"}],"author":[{"embeddable":true,"href":"https:\/\/www.basicweddingrings.com\/nl\/wp-json\/wp\/v2\/users\/2"}],"replies":[{"embeddable":true,"href":"https:\/\/www.basicweddingrings.com\/nl\/wp-json\/wp\/v2\/comments?post=20945"}],"version-history":[{"count":92,"href":"https:\/\/www.basicweddingrings.com\/nl\/wp-json\/wp\/v2\/pages\/20945\/revisions"}],"predecessor-version":[{"id":21701,"href":"https:\/\/www.basicweddingrings.com\/nl\/wp-json\/wp\/v2\/pages\/20945\/revisions\/21701"}],"wp:attachment":[{"href":"https:\/\/www.basicweddingrings.com\/nl\/wp-json\/wp\/v2\/media?parent=20945"}],"curies":[{"name":"wp","href":"https:\/\/api.w.org\/{rel}","templated":true}]}}