{"id":16762,"date":"2021-02-09T19:19:41","date_gmt":"2021-02-09T17:19:41","guid":{"rendered":"https:\/\/www.basicweddingrings.com\/?post_type=product&#038;p=16762"},"modified":"2026-01-13T12:38:16","modified_gmt":"2026-01-13T11:38:16","slug":"rosegouden-diamanten-klavertje-vier-aanschruifring","status":"publish","type":"product","link":"https:\/\/www.basicweddingrings.com\/nl\/product\/rosegouden-diamanten-klavertje-vier-aanschruifring\/","title":{"rendered":"Ros\u00e9gouden diamanten klavertje vier aanschruifring"},"content":{"rendered":"<p>De ros\u00e9gouden diamanten klavertje vier aanschuifring is gemaakt van massief 18 karaat ros\u00e9goud en is ook verkrijgbaar in <a href=\"https:\/\/www.basicweddingrings.com\/product\/witgouden-diamanten-klavertje-vier-aanschruifring\/\"><span style=\"text-decoration: underline;\">witgoud<\/span><\/a> en <a href=\"https:\/\/www.basicweddingrings.com\/nl\/product\/geelgouden-diamanten-klavertje-vier-aanschruifring\/\"><span style=\"text-decoration: underline;\">geelgoud<\/span><\/a>. De ring is subtiel en elegant waardoor je hem kan combineren met alle ringen uit onze collectie!<\/p>\n<p>Niet zeker over je ringmaat? Bestel dan een gratis <a href=\"https:\/\/www.basicweddingrings.com\/nl\/product\/ringmaatstrip\/\">ringmaatstrip<\/a> of download de <a href=\"https:\/\/www.basicweddingrings.com\/nl\/maattabel\/\">printversie<\/a>.<\/p>\n","protected":false},"excerpt":{"rendered":"<p style=\"text-align: center;\">Het klavertje vier gecombineerd met een subtiel rijtje diamanten. Het symbool voor vertrouwen, liefde en geluk.<\/p>\n<p style=\"text-align: center;\"><strong>Mix &amp; Match:\u00a0<\/strong>Combineer deze aanschuifring met je verlovingsring, trouwring of een bestaande ring.<\/p>\n<p style=\"text-align: center;\"><strong><img decoding=\"async\" class=\"alignnone wp-image-6012\" src=\"https:\/\/www.basicweddingrings.com\/wp-content\/uploads\/2019\/12\/Cadeau-tip-Basic-Wedding-Rings-257x300.jpeg\" alt=\"Cadeau tip Basic Wedding Rings\" width=\"16\" height=\"21\" \/>\u00a0Cadeautip:<\/strong> Het geluksklavertje is vanwege zijn mooie betekenis ook een bijzonder mooi cadeau.<\/p>\n","protected":false},"featured_media":12018,"template":"","meta":{"_monsterinsights_skip_tracking":false,"_monsterinsights_sitenote_active":false,"_monsterinsights_sitenote_note":"","_monsterinsights_sitenote_category":0},"product_brand":[],"product_cat":[121],"product_tag":[],"class_list":{"0":"post-16762","1":"product","2":"type-product","3":"status-publish","4":"has-post-thumbnail","6":"product_cat-stackable-rings","8":"first","9":"instock","10":"taxable","11":"shipping-taxable","12":"purchasable","13":"product-type-variable"},"yoast_head":"<!-- This site is optimized with the Yoast SEO plugin v27.5 - https:\/\/yoast.com\/product\/yoast-seo-wordpress\/ -->\n<title>Ros\u00e9gouden diamanten klavertje vier aanschruifring - Basic Wedding Rings<\/title>\n<meta name=\"description\" content=\"Shop minimalistische trouwringen en bijpassende sieraden bij Basic Wedding Rings. Ontdek de ros\u00e9gouden diamanten klavertje vier aanschuifring. Gratis verzending.\" \/>\n<meta name=\"robots\" content=\"index, follow, max-snippet:-1, max-image-preview:large, max-video-preview:-1\" \/>\n<link rel=\"canonical\" href=\"https:\/\/www.basicweddingrings.com\/nl\/product\/rosegouden-diamanten-klavertje-vier-aanschruifring\/\" \/>\n<meta property=\"og:locale\" content=\"nl_NL\" \/>\n<meta property=\"og:type\" content=\"article\" \/>\n<meta property=\"og:title\" content=\"Ros\u00e9gouden diamanten klavertje vier aanschruifring - Basic Wedding Rings\" \/>\n<meta property=\"og:description\" content=\"Shop minimalistische trouwringen en bijpassende sieraden bij Basic Wedding Rings. Ontdek de ros\u00e9gouden diamanten klavertje vier aanschuifring. Gratis verzending.\" \/>\n<meta property=\"og:url\" content=\"https:\/\/www.basicweddingrings.com\/nl\/product\/rosegouden-diamanten-klavertje-vier-aanschruifring\/\" \/>\n<meta property=\"og:site_name\" content=\"Basic Wedding Rings\" \/>\n<meta property=\"article:modified_time\" content=\"2026-01-13T11:38:16+00:00\" \/>\n<meta property=\"og:image\" content=\"https:\/\/www.basicweddingrings.com\/wp-content\/uploads\/2021\/01\/Aanschuifring-klaver4-alliance-1.3mm-diamant-breed-2.0mm-rosegoud.jpg\" \/>\n\t<meta property=\"og:image:width\" content=\"1000\" \/>\n\t<meta property=\"og:image:height\" content=\"1000\" \/>\n\t<meta property=\"og:image:type\" content=\"image\/jpeg\" \/>\n<meta name=\"twitter:card\" content=\"summary_large_image\" \/>\n<meta name=\"twitter:label1\" content=\"Est. reading time\" \/>\n\t<meta name=\"twitter:data1\" content=\"1 minute\" \/>\n<script type=\"application\/ld+json\" class=\"yoast-schema-graph\">{\"@context\":\"https:\\\/\\\/schema.org\",\"@graph\":[{\"@type\":\"WebPage\",\"@id\":\"https:\\\/\\\/www.basicweddingrings.com\\\/nl\\\/product\\\/rosegouden-diamanten-klavertje-vier-aanschruifring\\\/\",\"url\":\"https:\\\/\\\/www.basicweddingrings.com\\\/nl\\\/product\\\/rosegouden-diamanten-klavertje-vier-aanschruifring\\\/\",\"name\":\"Ros\u00e9gouden diamanten klavertje vier aanschruifring - Basic Wedding Rings\",\"isPartOf\":{\"@id\":\"https:\\\/\\\/www.basicweddingrings.com\\\/#website\"},\"primaryImageOfPage\":{\"@id\":\"https:\\\/\\\/www.basicweddingrings.com\\\/nl\\\/product\\\/rosegouden-diamanten-klavertje-vier-aanschruifring\\\/#primaryimage\"},\"image\":{\"@id\":\"https:\\\/\\\/www.basicweddingrings.com\\\/nl\\\/product\\\/rosegouden-diamanten-klavertje-vier-aanschruifring\\\/#primaryimage\"},\"thumbnailUrl\":\"https:\\\/\\\/www.basicweddingrings.com\\\/wp-content\\\/uploads\\\/2021\\\/01\\\/Aanschuifring-klaver4-alliance-1.3mm-diamant-breed-2.0mm-rosegoud.jpg\",\"datePublished\":\"2021-02-09T17:19:41+00:00\",\"dateModified\":\"2026-01-13T11:38:16+00:00\",\"description\":\"Shop minimalistische trouwringen en bijpassende sieraden bij Basic Wedding Rings. Ontdek de ros\u00e9gouden diamanten klavertje vier aanschuifring. Gratis verzending.\",\"breadcrumb\":{\"@id\":\"https:\\\/\\\/www.basicweddingrings.com\\\/nl\\\/product\\\/rosegouden-diamanten-klavertje-vier-aanschruifring\\\/#breadcrumb\"},\"inLanguage\":\"nl-NL\",\"potentialAction\":[{\"@type\":\"ReadAction\",\"target\":[\"https:\\\/\\\/www.basicweddingrings.com\\\/nl\\\/product\\\/rosegouden-diamanten-klavertje-vier-aanschruifring\\\/\"]}]},{\"@type\":\"ImageObject\",\"inLanguage\":\"nl-NL\",\"@id\":\"https:\\\/\\\/www.basicweddingrings.com\\\/nl\\\/product\\\/rosegouden-diamanten-klavertje-vier-aanschruifring\\\/#primaryimage\",\"url\":\"https:\\\/\\\/www.basicweddingrings.com\\\/wp-content\\\/uploads\\\/2021\\\/01\\\/Aanschuifring-klaver4-alliance-1.3mm-diamant-breed-2.0mm-rosegoud.jpg\",\"contentUrl\":\"https:\\\/\\\/www.basicweddingrings.com\\\/wp-content\\\/uploads\\\/2021\\\/01\\\/Aanschuifring-klaver4-alliance-1.3mm-diamant-breed-2.0mm-rosegoud.jpg\",\"width\":1000,\"height\":1000,\"caption\":\"Ros\u00e9gouden diamanten klavertje vier aanschruifring\"},{\"@type\":\"BreadcrumbList\",\"@id\":\"https:\\\/\\\/www.basicweddingrings.com\\\/nl\\\/product\\\/rosegouden-diamanten-klavertje-vier-aanschruifring\\\/#breadcrumb\",\"itemListElement\":[{\"@type\":\"ListItem\",\"position\":1,\"name\":\"Home\",\"item\":\"https:\\\/\\\/www.basicweddingrings.com\\\/nl\\\/\"},{\"@type\":\"ListItem\",\"position\":2,\"name\":\"Winkel\",\"item\":\"https:\\\/\\\/www.basicweddingrings.com\\\/nl\\\/winkel\\\/\"},{\"@type\":\"ListItem\",\"position\":3,\"name\":\"Ros\u00e9gouden diamanten klavertje vier aanschruifring\"}]},{\"@type\":\"WebSite\",\"@id\":\"https:\\\/\\\/www.basicweddingrings.com\\\/#website\",\"url\":\"https:\\\/\\\/www.basicweddingrings.com\\\/\",\"name\":\"Basic Wedding Rings\",\"description\":\"\",\"publisher\":{\"@id\":\"https:\\\/\\\/www.basicweddingrings.com\\\/#organization\"},\"potentialAction\":[{\"@type\":\"SearchAction\",\"target\":{\"@type\":\"EntryPoint\",\"urlTemplate\":\"https:\\\/\\\/www.basicweddingrings.com\\\/?s={search_term_string}\"},\"query-input\":{\"@type\":\"PropertyValueSpecification\",\"valueRequired\":true,\"valueName\":\"search_term_string\"}}],\"inLanguage\":\"nl-NL\"},{\"@type\":\"Organization\",\"@id\":\"https:\\\/\\\/www.basicweddingrings.com\\\/#organization\",\"name\":\"Basic Wedding Rings\",\"url\":\"https:\\\/\\\/www.basicweddingrings.com\\\/\",\"logo\":{\"@type\":\"ImageObject\",\"inLanguage\":\"nl-NL\",\"@id\":\"https:\\\/\\\/www.basicweddingrings.com\\\/#\\\/schema\\\/logo\\\/image\\\/\",\"url\":\"https:\\\/\\\/www.basicweddingrings.com\\\/wp-content\\\/uploads\\\/2019\\\/10\\\/cropped-BWR-Logo-e1572811026588-2.png\",\"contentUrl\":\"https:\\\/\\\/www.basicweddingrings.com\\\/wp-content\\\/uploads\\\/2019\\\/10\\\/cropped-BWR-Logo-e1572811026588-2.png\",\"width\":1229,\"height\":749,\"caption\":\"Basic Wedding Rings\"},\"image\":{\"@id\":\"https:\\\/\\\/www.basicweddingrings.com\\\/#\\\/schema\\\/logo\\\/image\\\/\"}}]}<\/script>\n<!-- \/ Yoast SEO plugin. -->","yoast_head_json":{"title":"Ros\u00e9gouden diamanten klavertje vier aanschruifring - Basic Wedding Rings","description":"Shop minimalistische trouwringen en bijpassende sieraden bij Basic Wedding Rings. Ontdek de ros\u00e9gouden diamanten klavertje vier aanschuifring. Gratis verzending.","robots":{"index":"index","follow":"follow","max-snippet":"max-snippet:-1","max-image-preview":"max-image-preview:large","max-video-preview":"max-video-preview:-1"},"canonical":"https:\/\/www.basicweddingrings.com\/nl\/product\/rosegouden-diamanten-klavertje-vier-aanschruifring\/","og_locale":"nl_NL","og_type":"article","og_title":"Ros\u00e9gouden diamanten klavertje vier aanschruifring - Basic Wedding Rings","og_description":"Shop minimalistische trouwringen en bijpassende sieraden bij Basic Wedding Rings. Ontdek de ros\u00e9gouden diamanten klavertje vier aanschuifring. Gratis verzending.","og_url":"https:\/\/www.basicweddingrings.com\/nl\/product\/rosegouden-diamanten-klavertje-vier-aanschruifring\/","og_site_name":"Basic Wedding Rings","article_modified_time":"2026-01-13T11:38:16+00:00","og_image":[{"width":1000,"height":1000,"url":"https:\/\/www.basicweddingrings.com\/wp-content\/uploads\/2021\/01\/Aanschuifring-klaver4-alliance-1.3mm-diamant-breed-2.0mm-rosegoud.jpg","type":"image\/jpeg"}],"twitter_card":"summary_large_image","twitter_misc":{"Est. reading time":"1 minute"},"schema":{"@context":"https:\/\/schema.org","@graph":[{"@type":"WebPage","@id":"https:\/\/www.basicweddingrings.com\/nl\/product\/rosegouden-diamanten-klavertje-vier-aanschruifring\/","url":"https:\/\/www.basicweddingrings.com\/nl\/product\/rosegouden-diamanten-klavertje-vier-aanschruifring\/","name":"Ros\u00e9gouden diamanten klavertje vier aanschruifring - Basic Wedding Rings","isPartOf":{"@id":"https:\/\/www.basicweddingrings.com\/#website"},"primaryImageOfPage":{"@id":"https:\/\/www.basicweddingrings.com\/nl\/product\/rosegouden-diamanten-klavertje-vier-aanschruifring\/#primaryimage"},"image":{"@id":"https:\/\/www.basicweddingrings.com\/nl\/product\/rosegouden-diamanten-klavertje-vier-aanschruifring\/#primaryimage"},"thumbnailUrl":"https:\/\/www.basicweddingrings.com\/wp-content\/uploads\/2021\/01\/Aanschuifring-klaver4-alliance-1.3mm-diamant-breed-2.0mm-rosegoud.jpg","datePublished":"2021-02-09T17:19:41+00:00","dateModified":"2026-01-13T11:38:16+00:00","description":"Shop minimalistische trouwringen en bijpassende sieraden bij Basic Wedding Rings. Ontdek de ros\u00e9gouden diamanten klavertje vier aanschuifring. Gratis verzending.","breadcrumb":{"@id":"https:\/\/www.basicweddingrings.com\/nl\/product\/rosegouden-diamanten-klavertje-vier-aanschruifring\/#breadcrumb"},"inLanguage":"nl-NL","potentialAction":[{"@type":"ReadAction","target":["https:\/\/www.basicweddingrings.com\/nl\/product\/rosegouden-diamanten-klavertje-vier-aanschruifring\/"]}]},{"@type":"ImageObject","inLanguage":"nl-NL","@id":"https:\/\/www.basicweddingrings.com\/nl\/product\/rosegouden-diamanten-klavertje-vier-aanschruifring\/#primaryimage","url":"https:\/\/www.basicweddingrings.com\/wp-content\/uploads\/2021\/01\/Aanschuifring-klaver4-alliance-1.3mm-diamant-breed-2.0mm-rosegoud.jpg","contentUrl":"https:\/\/www.basicweddingrings.com\/wp-content\/uploads\/2021\/01\/Aanschuifring-klaver4-alliance-1.3mm-diamant-breed-2.0mm-rosegoud.jpg","width":1000,"height":1000,"caption":"Ros\u00e9gouden diamanten klavertje vier aanschruifring"},{"@type":"BreadcrumbList","@id":"https:\/\/www.basicweddingrings.com\/nl\/product\/rosegouden-diamanten-klavertje-vier-aanschruifring\/#breadcrumb","itemListElement":[{"@type":"ListItem","position":1,"name":"Home","item":"https:\/\/www.basicweddingrings.com\/nl\/"},{"@type":"ListItem","position":2,"name":"Winkel","item":"https:\/\/www.basicweddingrings.com\/nl\/winkel\/"},{"@type":"ListItem","position":3,"name":"Ros\u00e9gouden diamanten klavertje vier aanschruifring"}]},{"@type":"WebSite","@id":"https:\/\/www.basicweddingrings.com\/#website","url":"https:\/\/www.basicweddingrings.com\/","name":"Basic Wedding Rings","description":"","publisher":{"@id":"https:\/\/www.basicweddingrings.com\/#organization"},"potentialAction":[{"@type":"SearchAction","target":{"@type":"EntryPoint","urlTemplate":"https:\/\/www.basicweddingrings.com\/?s={search_term_string}"},"query-input":{"@type":"PropertyValueSpecification","valueRequired":true,"valueName":"search_term_string"}}],"inLanguage":"nl-NL"},{"@type":"Organization","@id":"https:\/\/www.basicweddingrings.com\/#organization","name":"Basic Wedding Rings","url":"https:\/\/www.basicweddingrings.com\/","logo":{"@type":"ImageObject","inLanguage":"nl-NL","@id":"https:\/\/www.basicweddingrings.com\/#\/schema\/logo\/image\/","url":"https:\/\/www.basicweddingrings.com\/wp-content\/uploads\/2019\/10\/cropped-BWR-Logo-e1572811026588-2.png","contentUrl":"https:\/\/www.basicweddingrings.com\/wp-content\/uploads\/2019\/10\/cropped-BWR-Logo-e1572811026588-2.png","width":1229,"height":749,"caption":"Basic Wedding Rings"},"image":{"@id":"https:\/\/www.basicweddingrings.com\/#\/schema\/logo\/image\/"}}]}},"jetpack_sharing_enabled":true,"_links":{"self":[{"href":"https:\/\/www.basicweddingrings.com\/nl\/wp-json\/wp\/v2\/product\/16762","targetHints":{"allow":["GET"]}}],"collection":[{"href":"https:\/\/www.basicweddingrings.com\/nl\/wp-json\/wp\/v2\/product"}],"about":[{"href":"https:\/\/www.basicweddingrings.com\/nl\/wp-json\/wp\/v2\/types\/product"}],"wp:featuredmedia":[{"embeddable":true,"href":"https:\/\/www.basicweddingrings.com\/nl\/wp-json\/wp\/v2\/media\/12018"}],"wp:attachment":[{"href":"https:\/\/www.basicweddingrings.com\/nl\/wp-json\/wp\/v2\/media?parent=16762"}],"wp:term":[{"taxonomy":"product_brand","embeddable":true,"href":"https:\/\/www.basicweddingrings.com\/nl\/wp-json\/wp\/v2\/product_brand?post=16762"},{"taxonomy":"product_cat","embeddable":true,"href":"https:\/\/www.basicweddingrings.com\/nl\/wp-json\/wp\/v2\/product_cat?post=16762"},{"taxonomy":"product_tag","embeddable":true,"href":"https:\/\/www.basicweddingrings.com\/nl\/wp-json\/wp\/v2\/product_tag?post=16762"}],"curies":[{"name":"wp","href":"https:\/\/api.w.org\/{rel}","templated":true}]}}