{"id":17512,"date":"2021-03-03T18:50:47","date_gmt":"2021-03-03T16:50:47","guid":{"rendered":"https:\/\/www.basicweddingrings.com\/?post_type=product&#038;p=17512"},"modified":"2026-01-13T11:55:11","modified_gmt":"2026-01-13T10:55:11","slug":"rosegouden-basic-solitair-ring","status":"publish","type":"product","link":"https:\/\/www.basicweddingrings.com\/nl\/product\/rosegouden-basic-solitair-ring\/","title":{"rendered":"Ros\u00e9gouden basic solitair ring"},"content":{"rendered":"<p>Een solitair ring is een ring gezet met \u00e9\u00e9n diamant en staat symbool voor liefde. Deze minimalistische, elegante ringen zijn erg populair en worden vaak gekozen als verlovingsring en ook gedragen als aanschuifring.<\/p>\n<p>De ring is gemaakt van massief 18 karaat ros\u00e9goud en is ook verkrijgbaar in <span style=\"text-decoration: underline;\"><a href=\"https:\/\/www.basicweddingrings.com\/nl\/product\/witgouden-basic-solitair-ring\/\">witgoud<\/a><\/span> en <a href=\"https:\/\/www.basicweddingrings.com\/nl\/product\/geelgouden-basic-solitair-ring\/\">geelgoud<\/a>. De steen is gezet in twee randen en is subtiel en elegant waardoor je hem kan combineren met alle ringen uit onze collectie.<\/p>\n","protected":false},"excerpt":{"rendered":"<p style=\"text-align: center;\">Minimalistisch. Chic. Eenvoud op zijn best.<\/p>\n<p style=\"text-align: center;\"><strong>Mix &amp; Match:\u00a0<\/strong>Combineer deze schitterende basic solitair ring met je verlovingsring, trouwring of een bestaande ring.<\/p>\n<p style=\"text-align: center;\">Niet zeker over je ringmaat? Bestel dan een gratis <a href=\"https:\/\/www.basicweddingrings.com\/nl\/product\/ringmaatstrip\/\">ringmaatstrip<\/a> of download de <a href=\"https:\/\/www.basicweddingrings.com\/nl\/maattabel\/\">printversie<\/a>.<\/p>\n","protected":false},"featured_media":11970,"template":"","meta":{"_monsterinsights_skip_tracking":false,"_monsterinsights_sitenote_active":false,"_monsterinsights_sitenote_note":"","_monsterinsights_sitenote_category":0},"product_brand":[],"product_cat":[121],"product_tag":[],"class_list":{"0":"post-17512","1":"product","2":"type-product","3":"status-publish","4":"has-post-thumbnail","6":"product_cat-stackable-rings","8":"first","9":"instock","10":"taxable","11":"shipping-taxable","12":"purchasable","13":"product-type-variable"},"yoast_head":"<!-- This site is optimized with the Yoast SEO plugin v27.5 - https:\/\/yoast.com\/product\/yoast-seo-wordpress\/ -->\n<title>Ros\u00e9gouden basic solitair ring - Basic Wedding Rings<\/title>\n<meta name=\"description\" content=\"Shop minimalistische trouwringen en bijpassende sieraden bij Basic Wedding Rings. Ontdek de ros\u00e9gouden basic solitair ring. Gratis verzending.\" \/>\n<meta name=\"robots\" content=\"index, follow, max-snippet:-1, max-image-preview:large, max-video-preview:-1\" \/>\n<link rel=\"canonical\" href=\"https:\/\/www.basicweddingrings.com\/nl\/product\/rosegouden-basic-solitair-ring\/\" \/>\n<meta property=\"og:locale\" content=\"nl_NL\" \/>\n<meta property=\"og:type\" content=\"article\" \/>\n<meta property=\"og:title\" content=\"Ros\u00e9gouden basic solitair ring - Basic Wedding Rings\" \/>\n<meta property=\"og:description\" content=\"Shop minimalistische trouwringen en bijpassende sieraden bij Basic Wedding Rings. Ontdek de ros\u00e9gouden basic solitair ring. Gratis verzending.\" \/>\n<meta property=\"og:url\" content=\"https:\/\/www.basicweddingrings.com\/nl\/product\/rosegouden-basic-solitair-ring\/\" \/>\n<meta property=\"og:site_name\" content=\"Basic Wedding Rings\" \/>\n<meta property=\"article:modified_time\" content=\"2026-01-13T10:55:11+00:00\" \/>\n<meta property=\"og:image\" content=\"https:\/\/www.basicweddingrings.com\/wp-content\/uploads\/2021\/01\/Aanschuifring-glad-1.5-mm-diamant-breed-1.5mm-rosegoud.jpg\" \/>\n\t<meta property=\"og:image:width\" content=\"1000\" \/>\n\t<meta property=\"og:image:height\" content=\"1000\" \/>\n\t<meta property=\"og:image:type\" content=\"image\/jpeg\" \/>\n<meta name=\"twitter:card\" content=\"summary_large_image\" \/>\n<meta name=\"twitter:label1\" content=\"Est. reading time\" \/>\n\t<meta name=\"twitter:data1\" content=\"1 minute\" \/>\n<script type=\"application\/ld+json\" class=\"yoast-schema-graph\">{\"@context\":\"https:\\\/\\\/schema.org\",\"@graph\":[{\"@type\":\"WebPage\",\"@id\":\"https:\\\/\\\/www.basicweddingrings.com\\\/nl\\\/product\\\/rosegouden-basic-solitair-ring\\\/\",\"url\":\"https:\\\/\\\/www.basicweddingrings.com\\\/nl\\\/product\\\/rosegouden-basic-solitair-ring\\\/\",\"name\":\"Ros\u00e9gouden basic solitair ring - Basic Wedding Rings\",\"isPartOf\":{\"@id\":\"https:\\\/\\\/www.basicweddingrings.com\\\/#website\"},\"primaryImageOfPage\":{\"@id\":\"https:\\\/\\\/www.basicweddingrings.com\\\/nl\\\/product\\\/rosegouden-basic-solitair-ring\\\/#primaryimage\"},\"image\":{\"@id\":\"https:\\\/\\\/www.basicweddingrings.com\\\/nl\\\/product\\\/rosegouden-basic-solitair-ring\\\/#primaryimage\"},\"thumbnailUrl\":\"https:\\\/\\\/www.basicweddingrings.com\\\/wp-content\\\/uploads\\\/2021\\\/01\\\/Aanschuifring-glad-1.5-mm-diamant-breed-1.5mm-rosegoud.jpg\",\"datePublished\":\"2021-03-03T16:50:47+00:00\",\"dateModified\":\"2026-01-13T10:55:11+00:00\",\"description\":\"Shop minimalistische trouwringen en bijpassende sieraden bij Basic Wedding Rings. Ontdek de ros\u00e9gouden basic solitair ring. Gratis verzending.\",\"breadcrumb\":{\"@id\":\"https:\\\/\\\/www.basicweddingrings.com\\\/nl\\\/product\\\/rosegouden-basic-solitair-ring\\\/#breadcrumb\"},\"inLanguage\":\"nl-NL\",\"potentialAction\":[{\"@type\":\"ReadAction\",\"target\":[\"https:\\\/\\\/www.basicweddingrings.com\\\/nl\\\/product\\\/rosegouden-basic-solitair-ring\\\/\"]}]},{\"@type\":\"ImageObject\",\"inLanguage\":\"nl-NL\",\"@id\":\"https:\\\/\\\/www.basicweddingrings.com\\\/nl\\\/product\\\/rosegouden-basic-solitair-ring\\\/#primaryimage\",\"url\":\"https:\\\/\\\/www.basicweddingrings.com\\\/wp-content\\\/uploads\\\/2021\\\/01\\\/Aanschuifring-glad-1.5-mm-diamant-breed-1.5mm-rosegoud.jpg\",\"contentUrl\":\"https:\\\/\\\/www.basicweddingrings.com\\\/wp-content\\\/uploads\\\/2021\\\/01\\\/Aanschuifring-glad-1.5-mm-diamant-breed-1.5mm-rosegoud.jpg\",\"width\":1000,\"height\":1000,\"caption\":\"Ros\u00e9gouden basic solitair ring\"},{\"@type\":\"BreadcrumbList\",\"@id\":\"https:\\\/\\\/www.basicweddingrings.com\\\/nl\\\/product\\\/rosegouden-basic-solitair-ring\\\/#breadcrumb\",\"itemListElement\":[{\"@type\":\"ListItem\",\"position\":1,\"name\":\"Home\",\"item\":\"https:\\\/\\\/www.basicweddingrings.com\\\/nl\\\/\"},{\"@type\":\"ListItem\",\"position\":2,\"name\":\"Winkel\",\"item\":\"https:\\\/\\\/www.basicweddingrings.com\\\/nl\\\/winkel\\\/\"},{\"@type\":\"ListItem\",\"position\":3,\"name\":\"Ros\u00e9gouden basic solitair ring\"}]},{\"@type\":\"WebSite\",\"@id\":\"https:\\\/\\\/www.basicweddingrings.com\\\/#website\",\"url\":\"https:\\\/\\\/www.basicweddingrings.com\\\/\",\"name\":\"Basic Wedding Rings\",\"description\":\"\",\"publisher\":{\"@id\":\"https:\\\/\\\/www.basicweddingrings.com\\\/#organization\"},\"potentialAction\":[{\"@type\":\"SearchAction\",\"target\":{\"@type\":\"EntryPoint\",\"urlTemplate\":\"https:\\\/\\\/www.basicweddingrings.com\\\/?s={search_term_string}\"},\"query-input\":{\"@type\":\"PropertyValueSpecification\",\"valueRequired\":true,\"valueName\":\"search_term_string\"}}],\"inLanguage\":\"nl-NL\"},{\"@type\":\"Organization\",\"@id\":\"https:\\\/\\\/www.basicweddingrings.com\\\/#organization\",\"name\":\"Basic Wedding Rings\",\"url\":\"https:\\\/\\\/www.basicweddingrings.com\\\/\",\"logo\":{\"@type\":\"ImageObject\",\"inLanguage\":\"nl-NL\",\"@id\":\"https:\\\/\\\/www.basicweddingrings.com\\\/#\\\/schema\\\/logo\\\/image\\\/\",\"url\":\"https:\\\/\\\/www.basicweddingrings.com\\\/wp-content\\\/uploads\\\/2019\\\/10\\\/cropped-BWR-Logo-e1572811026588-2.png\",\"contentUrl\":\"https:\\\/\\\/www.basicweddingrings.com\\\/wp-content\\\/uploads\\\/2019\\\/10\\\/cropped-BWR-Logo-e1572811026588-2.png\",\"width\":1229,\"height\":749,\"caption\":\"Basic Wedding Rings\"},\"image\":{\"@id\":\"https:\\\/\\\/www.basicweddingrings.com\\\/#\\\/schema\\\/logo\\\/image\\\/\"}}]}<\/script>\n<!-- \/ Yoast SEO plugin. -->","yoast_head_json":{"title":"Ros\u00e9gouden basic solitair ring - Basic Wedding Rings","description":"Shop minimalistische trouwringen en bijpassende sieraden bij Basic Wedding Rings. Ontdek de ros\u00e9gouden basic solitair ring. Gratis verzending.","robots":{"index":"index","follow":"follow","max-snippet":"max-snippet:-1","max-image-preview":"max-image-preview:large","max-video-preview":"max-video-preview:-1"},"canonical":"https:\/\/www.basicweddingrings.com\/nl\/product\/rosegouden-basic-solitair-ring\/","og_locale":"nl_NL","og_type":"article","og_title":"Ros\u00e9gouden basic solitair ring - Basic Wedding Rings","og_description":"Shop minimalistische trouwringen en bijpassende sieraden bij Basic Wedding Rings. Ontdek de ros\u00e9gouden basic solitair ring. Gratis verzending.","og_url":"https:\/\/www.basicweddingrings.com\/nl\/product\/rosegouden-basic-solitair-ring\/","og_site_name":"Basic Wedding Rings","article_modified_time":"2026-01-13T10:55:11+00:00","og_image":[{"width":1000,"height":1000,"url":"https:\/\/www.basicweddingrings.com\/wp-content\/uploads\/2021\/01\/Aanschuifring-glad-1.5-mm-diamant-breed-1.5mm-rosegoud.jpg","type":"image\/jpeg"}],"twitter_card":"summary_large_image","twitter_misc":{"Est. reading time":"1 minute"},"schema":{"@context":"https:\/\/schema.org","@graph":[{"@type":"WebPage","@id":"https:\/\/www.basicweddingrings.com\/nl\/product\/rosegouden-basic-solitair-ring\/","url":"https:\/\/www.basicweddingrings.com\/nl\/product\/rosegouden-basic-solitair-ring\/","name":"Ros\u00e9gouden basic solitair ring - Basic Wedding Rings","isPartOf":{"@id":"https:\/\/www.basicweddingrings.com\/#website"},"primaryImageOfPage":{"@id":"https:\/\/www.basicweddingrings.com\/nl\/product\/rosegouden-basic-solitair-ring\/#primaryimage"},"image":{"@id":"https:\/\/www.basicweddingrings.com\/nl\/product\/rosegouden-basic-solitair-ring\/#primaryimage"},"thumbnailUrl":"https:\/\/www.basicweddingrings.com\/wp-content\/uploads\/2021\/01\/Aanschuifring-glad-1.5-mm-diamant-breed-1.5mm-rosegoud.jpg","datePublished":"2021-03-03T16:50:47+00:00","dateModified":"2026-01-13T10:55:11+00:00","description":"Shop minimalistische trouwringen en bijpassende sieraden bij Basic Wedding Rings. Ontdek de ros\u00e9gouden basic solitair ring. Gratis verzending.","breadcrumb":{"@id":"https:\/\/www.basicweddingrings.com\/nl\/product\/rosegouden-basic-solitair-ring\/#breadcrumb"},"inLanguage":"nl-NL","potentialAction":[{"@type":"ReadAction","target":["https:\/\/www.basicweddingrings.com\/nl\/product\/rosegouden-basic-solitair-ring\/"]}]},{"@type":"ImageObject","inLanguage":"nl-NL","@id":"https:\/\/www.basicweddingrings.com\/nl\/product\/rosegouden-basic-solitair-ring\/#primaryimage","url":"https:\/\/www.basicweddingrings.com\/wp-content\/uploads\/2021\/01\/Aanschuifring-glad-1.5-mm-diamant-breed-1.5mm-rosegoud.jpg","contentUrl":"https:\/\/www.basicweddingrings.com\/wp-content\/uploads\/2021\/01\/Aanschuifring-glad-1.5-mm-diamant-breed-1.5mm-rosegoud.jpg","width":1000,"height":1000,"caption":"Ros\u00e9gouden basic solitair ring"},{"@type":"BreadcrumbList","@id":"https:\/\/www.basicweddingrings.com\/nl\/product\/rosegouden-basic-solitair-ring\/#breadcrumb","itemListElement":[{"@type":"ListItem","position":1,"name":"Home","item":"https:\/\/www.basicweddingrings.com\/nl\/"},{"@type":"ListItem","position":2,"name":"Winkel","item":"https:\/\/www.basicweddingrings.com\/nl\/winkel\/"},{"@type":"ListItem","position":3,"name":"Ros\u00e9gouden basic solitair ring"}]},{"@type":"WebSite","@id":"https:\/\/www.basicweddingrings.com\/#website","url":"https:\/\/www.basicweddingrings.com\/","name":"Basic Wedding Rings","description":"","publisher":{"@id":"https:\/\/www.basicweddingrings.com\/#organization"},"potentialAction":[{"@type":"SearchAction","target":{"@type":"EntryPoint","urlTemplate":"https:\/\/www.basicweddingrings.com\/?s={search_term_string}"},"query-input":{"@type":"PropertyValueSpecification","valueRequired":true,"valueName":"search_term_string"}}],"inLanguage":"nl-NL"},{"@type":"Organization","@id":"https:\/\/www.basicweddingrings.com\/#organization","name":"Basic Wedding Rings","url":"https:\/\/www.basicweddingrings.com\/","logo":{"@type":"ImageObject","inLanguage":"nl-NL","@id":"https:\/\/www.basicweddingrings.com\/#\/schema\/logo\/image\/","url":"https:\/\/www.basicweddingrings.com\/wp-content\/uploads\/2019\/10\/cropped-BWR-Logo-e1572811026588-2.png","contentUrl":"https:\/\/www.basicweddingrings.com\/wp-content\/uploads\/2019\/10\/cropped-BWR-Logo-e1572811026588-2.png","width":1229,"height":749,"caption":"Basic Wedding Rings"},"image":{"@id":"https:\/\/www.basicweddingrings.com\/#\/schema\/logo\/image\/"}}]}},"jetpack_sharing_enabled":true,"_links":{"self":[{"href":"https:\/\/www.basicweddingrings.com\/nl\/wp-json\/wp\/v2\/product\/17512","targetHints":{"allow":["GET"]}}],"collection":[{"href":"https:\/\/www.basicweddingrings.com\/nl\/wp-json\/wp\/v2\/product"}],"about":[{"href":"https:\/\/www.basicweddingrings.com\/nl\/wp-json\/wp\/v2\/types\/product"}],"wp:featuredmedia":[{"embeddable":true,"href":"https:\/\/www.basicweddingrings.com\/nl\/wp-json\/wp\/v2\/media\/11970"}],"wp:attachment":[{"href":"https:\/\/www.basicweddingrings.com\/nl\/wp-json\/wp\/v2\/media?parent=17512"}],"wp:term":[{"taxonomy":"product_brand","embeddable":true,"href":"https:\/\/www.basicweddingrings.com\/nl\/wp-json\/wp\/v2\/product_brand?post=17512"},{"taxonomy":"product_cat","embeddable":true,"href":"https:\/\/www.basicweddingrings.com\/nl\/wp-json\/wp\/v2\/product_cat?post=17512"},{"taxonomy":"product_tag","embeddable":true,"href":"https:\/\/www.basicweddingrings.com\/nl\/wp-json\/wp\/v2\/product_tag?post=17512"}],"curies":[{"name":"wp","href":"https:\/\/api.w.org\/{rel}","templated":true}]}}