{"id":6274,"date":"2020-01-02T19:03:58","date_gmt":"2020-01-02T17:03:58","guid":{"rendered":"https:\/\/www.basicweddingrings.com\/?post_type=product&#038;p=6274"},"modified":"2025-09-12T13:37:24","modified_gmt":"2025-09-12T11:37:24","slug":"14k-rosegouden-diamanten-ketting","status":"publish","type":"product","link":"https:\/\/www.basicweddingrings.com\/nl\/product\/14k-rosegouden-diamanten-ketting\/","title":{"rendered":"14k ros\u00e9gouden diamanten ketting"},"content":{"rendered":"<p>Minimalistisch. Chic. Eenvoud op zijn best. De klassieke 6 poots ros\u00e9gouden diamanten ketting heeft een open chatonzetting waardoor de lichtinval een schitterend effect cre\u00ebert op de diamant. De ketting en de hanger zijn gemaakt van massief 14 karaat ros\u00e9goud en zijn ook verkrijgbaar in <a href=\"https:\/\/www.basicweddingrings.com\/nl\/product\/14k-witgouden-diamanten-ketting\/\">witgoud<\/a> en <a href=\"https:\/\/www.basicweddingrings.com\/nl\/product\/14k-geelgouden-diamanten-ketting\/\">geelgoud<\/a>. De diamant is in verschillende groottes verkrijgbaar.<\/p>\n<p><strong>Super handig!<\/strong> De speciaal door ons ontworpen kettingen zijn verstelbaar in 3 verschillende lengtes (38cm, 42cm en 45cm). Nu kan je jouw sieraad elke dag op de gewenste lengte aanpassen.<\/p>\n<p>Ontdek <a href=\"https:\/\/www.basicweddingrings.com\/nl\/de-collectie\/\"><strong>hier<\/strong><\/a> meer over deze bijzondere edelsteen.<\/p>\n","protected":false},"excerpt":{"rendered":"<p style=\"text-align: center;\">De schitterende en subtiele ros\u00e9gouden diamanten ketting uit de <span style=\"color: #000000;\"><a style=\"color: #000000;\" href=\"https:\/\/www.basicweddingrings.com\/nl\/de-collectie\">Scarlett collectie<\/a><\/span>\u00a0is onmisbaar in je juwelenkist.<\/p>\n<p style=\"text-align: center;\">Maak je outfit compleet en combineer deze tijdloze Basic met bijpassende <a href=\"https:\/\/www.basicweddingrings.com\/nl\/product\/rosegouden-diamanten-oorstekers\/\">oorbellen<\/a>.<\/p>\n<p style=\"text-align: center;\"><strong><img decoding=\"async\" class=\"alignnone wp-image-6012\" src=\"https:\/\/www.basicweddingrings.com\/wp-content\/uploads\/2019\/12\/Cadeau-tip-Basic-Wedding-Rings-257x300.jpeg\" alt=\"Cadeau tip Basic Wedding Rings\" width=\"16\" height=\"21\" \/> Cadeautip:<\/strong> Laat je bruidsmeisjes weten dat je ze waardeert of vraag je bruidsmeisjes op een originele manier met deze Basic beauty. (Of trakteer jezelf&#8230;)<\/p>\n<p style=\"text-align: center;\">\n","protected":false},"featured_media":6291,"template":"","meta":{"_monsterinsights_skip_tracking":false,"_monsterinsights_sitenote_active":false,"_monsterinsights_sitenote_note":"","_monsterinsights_sitenote_category":0},"product_brand":[],"product_cat":[199,190],"product_tag":[],"class_list":{"0":"post-6274","1":"product","2":"type-product","3":"status-publish","4":"has-post-thumbnail","6":"product_cat-diamond-necklaces","7":"product_cat-necklaces","9":"first","10":"instock","11":"taxable","12":"shipping-taxable","13":"purchasable","14":"product-type-variable"},"yoast_head":"<!-- This site is optimized with the Yoast SEO plugin v27.5 - https:\/\/yoast.com\/product\/yoast-seo-wordpress\/ -->\n<title>14k ros\u00e9gouden diamanten ketting - Basic Wedding Rings<\/title>\n<meta name=\"description\" content=\"Shop minimalistische trouwringen en bijpassende sieraden bij Basic Wedding Rings. Ontdek de schoonheid van Basic. 14k ros\u00e9gouden diamanten ketting. Gratis verzending.\" \/>\n<meta name=\"robots\" content=\"index, follow, max-snippet:-1, max-image-preview:large, max-video-preview:-1\" \/>\n<link rel=\"canonical\" href=\"https:\/\/www.basicweddingrings.com\/nl\/product\/14k-rosegouden-diamanten-ketting\/\" \/>\n<meta property=\"og:locale\" content=\"nl_NL\" \/>\n<meta property=\"og:type\" content=\"article\" \/>\n<meta property=\"og:title\" content=\"14k ros\u00e9gouden diamanten ketting - Basic Wedding Rings\" \/>\n<meta property=\"og:description\" content=\"Shop minimalistische trouwringen en bijpassende sieraden bij Basic Wedding Rings. Ontdek de schoonheid van Basic. 14k ros\u00e9gouden diamanten ketting. Gratis verzending.\" \/>\n<meta property=\"og:url\" content=\"https:\/\/www.basicweddingrings.com\/nl\/product\/14k-rosegouden-diamanten-ketting\/\" \/>\n<meta property=\"og:site_name\" content=\"Basic Wedding Rings\" \/>\n<meta property=\"article:modified_time\" content=\"2025-09-12T11:37:24+00:00\" \/>\n<meta property=\"og:image\" content=\"https:\/\/www.basicweddingrings.com\/wp-content\/uploads\/2020\/01\/Rosegouden-diamanten-ketting-005ct.jpg\" \/>\n\t<meta property=\"og:image:width\" content=\"1000\" \/>\n\t<meta property=\"og:image:height\" content=\"1000\" \/>\n\t<meta property=\"og:image:type\" content=\"image\/jpeg\" \/>\n<meta name=\"twitter:card\" content=\"summary_large_image\" \/>\n<meta name=\"twitter:label1\" content=\"Est. reading time\" \/>\n\t<meta name=\"twitter:data1\" content=\"1 minute\" \/>\n<script type=\"application\/ld+json\" class=\"yoast-schema-graph\">{\"@context\":\"https:\\\/\\\/schema.org\",\"@graph\":[{\"@type\":\"WebPage\",\"@id\":\"https:\\\/\\\/www.basicweddingrings.com\\\/nl\\\/product\\\/14k-rosegouden-diamanten-ketting\\\/\",\"url\":\"https:\\\/\\\/www.basicweddingrings.com\\\/nl\\\/product\\\/14k-rosegouden-diamanten-ketting\\\/\",\"name\":\"14k ros\u00e9gouden diamanten ketting - Basic Wedding Rings\",\"isPartOf\":{\"@id\":\"https:\\\/\\\/www.basicweddingrings.com\\\/#website\"},\"primaryImageOfPage\":{\"@id\":\"https:\\\/\\\/www.basicweddingrings.com\\\/nl\\\/product\\\/14k-rosegouden-diamanten-ketting\\\/#primaryimage\"},\"image\":{\"@id\":\"https:\\\/\\\/www.basicweddingrings.com\\\/nl\\\/product\\\/14k-rosegouden-diamanten-ketting\\\/#primaryimage\"},\"thumbnailUrl\":\"https:\\\/\\\/www.basicweddingrings.com\\\/wp-content\\\/uploads\\\/2020\\\/01\\\/Rosegouden-diamanten-ketting-005ct.jpg\",\"datePublished\":\"2020-01-02T17:03:58+00:00\",\"dateModified\":\"2025-09-12T11:37:24+00:00\",\"description\":\"Shop minimalistische trouwringen en bijpassende sieraden bij Basic Wedding Rings. Ontdek de schoonheid van Basic. 14k ros\u00e9gouden diamanten ketting. Gratis verzending.\",\"breadcrumb\":{\"@id\":\"https:\\\/\\\/www.basicweddingrings.com\\\/nl\\\/product\\\/14k-rosegouden-diamanten-ketting\\\/#breadcrumb\"},\"inLanguage\":\"nl-NL\",\"potentialAction\":[{\"@type\":\"ReadAction\",\"target\":[\"https:\\\/\\\/www.basicweddingrings.com\\\/nl\\\/product\\\/14k-rosegouden-diamanten-ketting\\\/\"]}]},{\"@type\":\"ImageObject\",\"inLanguage\":\"nl-NL\",\"@id\":\"https:\\\/\\\/www.basicweddingrings.com\\\/nl\\\/product\\\/14k-rosegouden-diamanten-ketting\\\/#primaryimage\",\"url\":\"https:\\\/\\\/www.basicweddingrings.com\\\/wp-content\\\/uploads\\\/2020\\\/01\\\/Rosegouden-diamanten-ketting-005ct.jpg\",\"contentUrl\":\"https:\\\/\\\/www.basicweddingrings.com\\\/wp-content\\\/uploads\\\/2020\\\/01\\\/Rosegouden-diamanten-ketting-005ct.jpg\",\"width\":1000,\"height\":1000,\"caption\":\"Rosegouden diamanten ketting 0,05ct\"},{\"@type\":\"BreadcrumbList\",\"@id\":\"https:\\\/\\\/www.basicweddingrings.com\\\/nl\\\/product\\\/14k-rosegouden-diamanten-ketting\\\/#breadcrumb\",\"itemListElement\":[{\"@type\":\"ListItem\",\"position\":1,\"name\":\"Home\",\"item\":\"https:\\\/\\\/www.basicweddingrings.com\\\/nl\\\/\"},{\"@type\":\"ListItem\",\"position\":2,\"name\":\"Winkel\",\"item\":\"https:\\\/\\\/www.basicweddingrings.com\\\/nl\\\/winkel\\\/\"},{\"@type\":\"ListItem\",\"position\":3,\"name\":\"14k ros\u00e9gouden diamanten ketting\"}]},{\"@type\":\"WebSite\",\"@id\":\"https:\\\/\\\/www.basicweddingrings.com\\\/#website\",\"url\":\"https:\\\/\\\/www.basicweddingrings.com\\\/\",\"name\":\"Basic Wedding Rings\",\"description\":\"\",\"publisher\":{\"@id\":\"https:\\\/\\\/www.basicweddingrings.com\\\/#organization\"},\"potentialAction\":[{\"@type\":\"SearchAction\",\"target\":{\"@type\":\"EntryPoint\",\"urlTemplate\":\"https:\\\/\\\/www.basicweddingrings.com\\\/?s={search_term_string}\"},\"query-input\":{\"@type\":\"PropertyValueSpecification\",\"valueRequired\":true,\"valueName\":\"search_term_string\"}}],\"inLanguage\":\"nl-NL\"},{\"@type\":\"Organization\",\"@id\":\"https:\\\/\\\/www.basicweddingrings.com\\\/#organization\",\"name\":\"Basic Wedding Rings\",\"url\":\"https:\\\/\\\/www.basicweddingrings.com\\\/\",\"logo\":{\"@type\":\"ImageObject\",\"inLanguage\":\"nl-NL\",\"@id\":\"https:\\\/\\\/www.basicweddingrings.com\\\/#\\\/schema\\\/logo\\\/image\\\/\",\"url\":\"https:\\\/\\\/www.basicweddingrings.com\\\/wp-content\\\/uploads\\\/2019\\\/10\\\/cropped-BWR-Logo-e1572811026588-2.png\",\"contentUrl\":\"https:\\\/\\\/www.basicweddingrings.com\\\/wp-content\\\/uploads\\\/2019\\\/10\\\/cropped-BWR-Logo-e1572811026588-2.png\",\"width\":1229,\"height\":749,\"caption\":\"Basic Wedding Rings\"},\"image\":{\"@id\":\"https:\\\/\\\/www.basicweddingrings.com\\\/#\\\/schema\\\/logo\\\/image\\\/\"}}]}<\/script>\n<!-- \/ Yoast SEO plugin. -->","yoast_head_json":{"title":"14k ros\u00e9gouden diamanten ketting - Basic Wedding Rings","description":"Shop minimalistische trouwringen en bijpassende sieraden bij Basic Wedding Rings. Ontdek de schoonheid van Basic. 14k ros\u00e9gouden diamanten ketting. Gratis verzending.","robots":{"index":"index","follow":"follow","max-snippet":"max-snippet:-1","max-image-preview":"max-image-preview:large","max-video-preview":"max-video-preview:-1"},"canonical":"https:\/\/www.basicweddingrings.com\/nl\/product\/14k-rosegouden-diamanten-ketting\/","og_locale":"nl_NL","og_type":"article","og_title":"14k ros\u00e9gouden diamanten ketting - Basic Wedding Rings","og_description":"Shop minimalistische trouwringen en bijpassende sieraden bij Basic Wedding Rings. Ontdek de schoonheid van Basic. 14k ros\u00e9gouden diamanten ketting. Gratis verzending.","og_url":"https:\/\/www.basicweddingrings.com\/nl\/product\/14k-rosegouden-diamanten-ketting\/","og_site_name":"Basic Wedding Rings","article_modified_time":"2025-09-12T11:37:24+00:00","og_image":[{"width":1000,"height":1000,"url":"https:\/\/www.basicweddingrings.com\/wp-content\/uploads\/2020\/01\/Rosegouden-diamanten-ketting-005ct.jpg","type":"image\/jpeg"}],"twitter_card":"summary_large_image","twitter_misc":{"Est. reading time":"1 minute"},"schema":{"@context":"https:\/\/schema.org","@graph":[{"@type":"WebPage","@id":"https:\/\/www.basicweddingrings.com\/nl\/product\/14k-rosegouden-diamanten-ketting\/","url":"https:\/\/www.basicweddingrings.com\/nl\/product\/14k-rosegouden-diamanten-ketting\/","name":"14k ros\u00e9gouden diamanten ketting - Basic Wedding Rings","isPartOf":{"@id":"https:\/\/www.basicweddingrings.com\/#website"},"primaryImageOfPage":{"@id":"https:\/\/www.basicweddingrings.com\/nl\/product\/14k-rosegouden-diamanten-ketting\/#primaryimage"},"image":{"@id":"https:\/\/www.basicweddingrings.com\/nl\/product\/14k-rosegouden-diamanten-ketting\/#primaryimage"},"thumbnailUrl":"https:\/\/www.basicweddingrings.com\/wp-content\/uploads\/2020\/01\/Rosegouden-diamanten-ketting-005ct.jpg","datePublished":"2020-01-02T17:03:58+00:00","dateModified":"2025-09-12T11:37:24+00:00","description":"Shop minimalistische trouwringen en bijpassende sieraden bij Basic Wedding Rings. Ontdek de schoonheid van Basic. 14k ros\u00e9gouden diamanten ketting. Gratis verzending.","breadcrumb":{"@id":"https:\/\/www.basicweddingrings.com\/nl\/product\/14k-rosegouden-diamanten-ketting\/#breadcrumb"},"inLanguage":"nl-NL","potentialAction":[{"@type":"ReadAction","target":["https:\/\/www.basicweddingrings.com\/nl\/product\/14k-rosegouden-diamanten-ketting\/"]}]},{"@type":"ImageObject","inLanguage":"nl-NL","@id":"https:\/\/www.basicweddingrings.com\/nl\/product\/14k-rosegouden-diamanten-ketting\/#primaryimage","url":"https:\/\/www.basicweddingrings.com\/wp-content\/uploads\/2020\/01\/Rosegouden-diamanten-ketting-005ct.jpg","contentUrl":"https:\/\/www.basicweddingrings.com\/wp-content\/uploads\/2020\/01\/Rosegouden-diamanten-ketting-005ct.jpg","width":1000,"height":1000,"caption":"Rosegouden diamanten ketting 0,05ct"},{"@type":"BreadcrumbList","@id":"https:\/\/www.basicweddingrings.com\/nl\/product\/14k-rosegouden-diamanten-ketting\/#breadcrumb","itemListElement":[{"@type":"ListItem","position":1,"name":"Home","item":"https:\/\/www.basicweddingrings.com\/nl\/"},{"@type":"ListItem","position":2,"name":"Winkel","item":"https:\/\/www.basicweddingrings.com\/nl\/winkel\/"},{"@type":"ListItem","position":3,"name":"14k ros\u00e9gouden diamanten ketting"}]},{"@type":"WebSite","@id":"https:\/\/www.basicweddingrings.com\/#website","url":"https:\/\/www.basicweddingrings.com\/","name":"Basic Wedding Rings","description":"","publisher":{"@id":"https:\/\/www.basicweddingrings.com\/#organization"},"potentialAction":[{"@type":"SearchAction","target":{"@type":"EntryPoint","urlTemplate":"https:\/\/www.basicweddingrings.com\/?s={search_term_string}"},"query-input":{"@type":"PropertyValueSpecification","valueRequired":true,"valueName":"search_term_string"}}],"inLanguage":"nl-NL"},{"@type":"Organization","@id":"https:\/\/www.basicweddingrings.com\/#organization","name":"Basic Wedding Rings","url":"https:\/\/www.basicweddingrings.com\/","logo":{"@type":"ImageObject","inLanguage":"nl-NL","@id":"https:\/\/www.basicweddingrings.com\/#\/schema\/logo\/image\/","url":"https:\/\/www.basicweddingrings.com\/wp-content\/uploads\/2019\/10\/cropped-BWR-Logo-e1572811026588-2.png","contentUrl":"https:\/\/www.basicweddingrings.com\/wp-content\/uploads\/2019\/10\/cropped-BWR-Logo-e1572811026588-2.png","width":1229,"height":749,"caption":"Basic Wedding Rings"},"image":{"@id":"https:\/\/www.basicweddingrings.com\/#\/schema\/logo\/image\/"}}]}},"jetpack_sharing_enabled":true,"_links":{"self":[{"href":"https:\/\/www.basicweddingrings.com\/nl\/wp-json\/wp\/v2\/product\/6274","targetHints":{"allow":["GET"]}}],"collection":[{"href":"https:\/\/www.basicweddingrings.com\/nl\/wp-json\/wp\/v2\/product"}],"about":[{"href":"https:\/\/www.basicweddingrings.com\/nl\/wp-json\/wp\/v2\/types\/product"}],"wp:featuredmedia":[{"embeddable":true,"href":"https:\/\/www.basicweddingrings.com\/nl\/wp-json\/wp\/v2\/media\/6291"}],"wp:attachment":[{"href":"https:\/\/www.basicweddingrings.com\/nl\/wp-json\/wp\/v2\/media?parent=6274"}],"wp:term":[{"taxonomy":"product_brand","embeddable":true,"href":"https:\/\/www.basicweddingrings.com\/nl\/wp-json\/wp\/v2\/product_brand?post=6274"},{"taxonomy":"product_cat","embeddable":true,"href":"https:\/\/www.basicweddingrings.com\/nl\/wp-json\/wp\/v2\/product_cat?post=6274"},{"taxonomy":"product_tag","embeddable":true,"href":"https:\/\/www.basicweddingrings.com\/nl\/wp-json\/wp\/v2\/product_tag?post=6274"}],"curies":[{"name":"wp","href":"https:\/\/api.w.org\/{rel}","templated":true}]}}